{"id":2342,"date":"2025-03-14T02:20:55","date_gmt":"2025-03-14T02:20:55","guid":{"rendered":"https:\/\/ztf.gmbh\/unternehmen\/philosophy\/"},"modified":"2025-08-19T07:49:16","modified_gmt":"2025-08-19T07:49:16","slug":"philosophy","status":"publish","type":"page","link":"https:\/\/zimmermann-federn.de\/en\/company\/philosophy\/","title":{"rendered":"Philosophy"},"content":{"rendered":"\t\t<div data-elementor-type=\"wp-page\" data-elementor-id=\"2342\" class=\"elementor elementor-2342 elementor-1354\" data-elementor-post-type=\"page\">\n\t\t\t\t<div class=\"elementor-element elementor-element-20406e88 e-flex e-con-boxed e-con e-parent\" data-id=\"20406e88\" data-element_type=\"container\" data-e-type=\"container\" data-settings=\"{&quot;background_background&quot;:&quot;classic&quot;}\">\n\t\t\t\t\t<div class=\"e-con-inner\">\n\t\t\t\t\t<\/div>\n\t\t\t\t<\/div>\n\t\t<div class=\"elementor-element elementor-element-720abba e-flex e-con-boxed e-con e-parent\" data-id=\"720abba\" data-element_type=\"container\" data-e-type=\"container\">\n\t\t\t\t\t<div class=\"e-con-inner\">\n\t\t\t\t<div class=\"elementor-element elementor-element-7fec45a0 elementor-widget elementor-widget-text-editor\" data-id=\"7fec45a0\" data-element_type=\"widget\" data-e-type=\"widget\" data-widget_type=\"text-editor.default\">\n\t\t\t\t\t\t\t\t\t<h1>Our company philosophy<\/h1><p><strong>Quality and Quantity:<\/strong><\/p><ul><li>Through process-oriented quality management, we achieve continuous improvement in our performance and safety in all processes.<\/li><\/ul><ul><li>We use the resources available to us carefully and in an environmentally conscious manner. (ISO 14001 certification) <\/li><\/ul><ul><li>We achieve a high level of quality and quantity with our entire team.<\/li><\/ul><p><strong>Management:<\/strong><\/p><ul><li>Partnership and trust towards our employees is a must.<\/li><\/ul><ul><li>With each other and for each other: top down and bottom up.<\/li><\/ul><ul><li>Our duty of care towards our employees is our top priority.<\/li><\/ul><p><strong>Customer-oriented:<\/strong><\/p><ul><li>Through \u201ctailor-made flexibility\u201d we ensure our customers constant quality and delivery reliability.<\/li><\/ul><ul><li>Thanks to our certification according to IATF 16949 and our approval as a known consignor in accordance with Regulation (EC) No. 300\/2008, we are able to deliver worldwide without any problems.<\/li><\/ul><ul><li>We fulfill every wish of our customers wherever possible.<\/li><\/ul><p><strong>Innovation and experience:<\/strong><\/p><ul><li>We rely on an experienced team with first-class know-how.<\/li><\/ul><ul><li>We increase our professional expertise through training and further education.<\/li><\/ul><ul><li>The high technological level of our machinery allows us a high degree of flexibility in every respect.<\/li><\/ul><p><strong>Goal-oriented:<\/strong><\/p><ul><li>Success is our goal.<\/li><\/ul><ul><li>Quality is our claim.<\/li><\/ul><ul><li>Innovative and solution-oriented products are what drives us.<\/li><\/ul>\t\t\t\t\t\t\t\t<\/div>\n\t\t\t\t<div class=\"elementor-element elementor-element-521b4f6 elementor-widget__width-initial elementor-widget elementor-widget-image\" data-id=\"521b4f6\" data-element_type=\"widget\" data-e-type=\"widget\" data-widget_type=\"image.default\">\n\t\t\t\t\t\t\t\t\t\t\t\t<figure class=\"wp-caption\">\n\t\t\t\t\t\t\t\t\t\t<img fetchpriority=\"high\" decoding=\"async\" width=\"500\" height=\"500\" src=\"https:\/\/zimmermann-federn.de\/wp-content\/uploads\/2025\/03\/Zimmermann-Technische-Federn-Qualitaet-Grafik-1.jpg\" class=\"attachment-2048x2048 size-2048x2048 wp-image-321\" alt=\"Kreisf\u00f6rmige Infografik \u00fcber Zimmermann Technische Federn GmbH mit den Elementen Zielorientiert, Qualit\u00e4t und Quantit\u00e4t, Management, Kundenorientiert, Innovation und Erfahrung, Zielorientiert.\" srcset=\"https:\/\/zimmermann-federn.de\/wp-content\/uploads\/2025\/03\/Zimmermann-Technische-Federn-Qualitaet-Grafik-1.jpg 500w, https:\/\/zimmermann-federn.de\/wp-content\/uploads\/2025\/03\/Zimmermann-Technische-Federn-Qualitaet-Grafik-1-300x300.jpg 300w, https:\/\/zimmermann-federn.de\/wp-content\/uploads\/2025\/03\/Zimmermann-Technische-Federn-Qualitaet-Grafik-1-150x150.jpg 150w\" sizes=\"(max-width: 500px) 100vw, 500px\" \/>\t\t\t\t\t\t\t\t\t\t\t<figcaption class=\"widget-image-caption wp-caption-text\">That's what it stands for ZIMMERMANN Technische Federn GmbH<\/figcaption>\n\t\t\t\t\t\t\t\t\t\t<\/figure>\n\t\t\t\t\t\t\t\t\t<\/div>\n\t\t\t\t\t<\/div>\n\t\t\t\t<\/div>\n\t\t\t\t<\/div>\n\t\t","protected":false},"excerpt":{"rendered":"<p>Our company philosophy Quality and Quantity: Through process-oriented quality management, we achieve continuous improvement in our performance and safety in all processes. We use the resources available to us carefully and in an environmentally conscious manner. (ISO 14001 certification) We achieve a high level of quality and quantity with our entire team. Management: Partnership and [&hellip;]<\/p>\n","protected":false},"author":1,"featured_media":303,"parent":889,"menu_order":0,"comment_status":"closed","ping_status":"closed","template":"","meta":{"footnotes":""},"class_list":["post-2342","page","type-page","status-publish","has-post-thumbnail","hentry"],"_links":{"self":[{"href":"https:\/\/zimmermann-federn.de\/en\/wp-json\/wp\/v2\/pages\/2342","targetHints":{"allow":["GET"]}}],"collection":[{"href":"https:\/\/zimmermann-federn.de\/en\/wp-json\/wp\/v2\/pages"}],"about":[{"href":"https:\/\/zimmermann-federn.de\/en\/wp-json\/wp\/v2\/types\/page"}],"author":[{"embeddable":true,"href":"https:\/\/zimmermann-federn.de\/en\/wp-json\/wp\/v2\/users\/1"}],"replies":[{"embeddable":true,"href":"https:\/\/zimmermann-federn.de\/en\/wp-json\/wp\/v2\/comments?post=2342"}],"version-history":[{"count":0,"href":"https:\/\/zimmermann-federn.de\/en\/wp-json\/wp\/v2\/pages\/2342\/revisions"}],"up":[{"embeddable":true,"href":"https:\/\/zimmermann-federn.de\/en\/wp-json\/wp\/v2\/pages\/889"}],"wp:featuredmedia":[{"embeddable":true,"href":"https:\/\/zimmermann-federn.de\/en\/wp-json\/wp\/v2\/media\/303"}],"wp:attachment":[{"href":"https:\/\/zimmermann-federn.de\/en\/wp-json\/wp\/v2\/media?parent=2342"}],"curies":[{"name":"wp","href":"https:\/\/api.w.org\/{rel}","templated":true}]}}