{"id":2390,"date":"2025-03-14T09:03:47","date_gmt":"2025-03-14T09:03:47","guid":{"rendered":"https:\/\/ztf.gmbh\/produkte\/competence\/"},"modified":"2025-08-18T15:54:51","modified_gmt":"2025-08-18T15:54:51","slug":"competence","status":"publish","type":"page","link":"https:\/\/zimmermann-federn.de\/en\/company\/competence\/","title":{"rendered":"Competence"},"content":{"rendered":"\t\t<div data-elementor-type=\"wp-page\" data-elementor-id=\"2390\" class=\"elementor elementor-2390 elementor-1863\" data-elementor-post-type=\"page\">\n\t\t\t\t<div class=\"elementor-element elementor-element-beea811 e-flex e-con-boxed e-con e-parent\" data-id=\"beea811\" data-element_type=\"container\" data-e-type=\"container\" data-settings=\"{&quot;background_background&quot;:&quot;classic&quot;}\">\n\t\t\t\t\t<div class=\"e-con-inner\">\n\t\t\t\t\t<\/div>\n\t\t\t\t<\/div>\n\t\t<div class=\"elementor-element elementor-element-12eb8ec0 e-flex e-con-boxed e-con e-parent\" data-id=\"12eb8ec0\" data-element_type=\"container\" data-e-type=\"container\">\n\t\t\t\t\t<div class=\"e-con-inner\">\n\t\t\t\t<div class=\"elementor-element elementor-element-941e3c2 elementor-widget elementor-widget-text-editor\" data-id=\"941e3c2\" data-element_type=\"widget\" data-e-type=\"widget\" data-widget_type=\"text-editor.default\">\n\t\t\t\t\t\t\t\t\t<h1><strong>Innovative solutions through thinking, thinking further, thinking ahead<\/strong><\/h1><h2>Our commitment to your satisfaction:<\/h2><p>We have highly qualified teams who lead your projects to success with passion and competence.<\/p><p>Equipped with advanced machinery, including cutting-edge technology from WAFIOS and Bihler, we guarantee a significant technological advantage. <\/p><p>We offer comprehensive <a class=\"cm_anchor\" href=\"https:\/\/zimmermann-federn.de\/en\/contact\/\">advice<\/a> on material selection and production processes, deliver concepts with an optimal price-performance ratio and create meaningful samples to make your visions become reality. Quality, innovation and customer proximity are our top priorities. <\/p>\t\t\t\t\t\t\t\t<\/div>\n\t\t\t\t<div class=\"elementor-element elementor-element-fffee76 elementor-widget elementor-widget-n-carousel\" data-id=\"fffee76\" data-element_type=\"widget\" data-e-type=\"widget\" data-settings=\"{&quot;carousel_items&quot;:[{&quot;slide_title&quot;:&quot;&quot;,&quot;_id&quot;:&quot;7bfd25f&quot;},{&quot;slide_title&quot;:&quot;Slide #2&quot;,&quot;_id&quot;:&quot;a636f28&quot;}],&quot;slides_to_show&quot;:&quot;1&quot;,&quot;slides_to_show_tablet&quot;:&quot;1&quot;,&quot;autoplay_speed&quot;:3000,&quot;slides_to_show_mobile&quot;:&quot;1&quot;,&quot;autoplay&quot;:&quot;yes&quot;,&quot;pause_on_hover&quot;:&quot;yes&quot;,&quot;pause_on_interaction&quot;:&quot;yes&quot;,&quot;infinite&quot;:&quot;yes&quot;,&quot;speed&quot;:500,&quot;offset_sides&quot;:&quot;none&quot;,&quot;image_spacing_custom&quot;:{&quot;unit&quot;:&quot;px&quot;,&quot;size&quot;:10,&quot;sizes&quot;:[]},&quot;image_spacing_custom_tablet&quot;:{&quot;unit&quot;:&quot;px&quot;,&quot;size&quot;:&quot;&quot;,&quot;sizes&quot;:[]},&quot;image_spacing_custom_mobile&quot;:{&quot;unit&quot;:&quot;px&quot;,&quot;size&quot;:&quot;&quot;,&quot;sizes&quot;:[]}}\" data-widget_type=\"nested-carousel.default\">\n\t\t\t\t\t\t\t<div class=\"e-n-carousel swiper\" role=\"region\" aria-roledescription=\"carousel\" aria-label=\"Karussell\" dir=\"ltr\">\n\t\t\t<div class=\"swiper-wrapper\" aria-live=\"off\">\n\t\t\t\t\t\t\t\t\t\t<div class=\"swiper-slide\" data-slide=\"1\" role=\"group\" aria-roledescription=\"slide\" aria-label=\"1 of 2\">\n\t\t\t\t\t\t\t<div class=\"elementor-element elementor-element-002ba13 e-flex e-con-boxed e-con e-child\" data-id=\"002ba13\" data-element_type=\"container\" data-e-type=\"container\">\n\t\t\t\t\t<div class=\"e-con-inner\">\n\t\t\t\t<div class=\"elementor-element elementor-element-6247fce elementor-widget elementor-widget-image\" data-id=\"6247fce\" data-element_type=\"widget\" data-e-type=\"widget\" data-widget_type=\"image.default\">\n\t\t\t\t\t\t\t\t\t\t\t\t\t\t\t<img fetchpriority=\"high\" decoding=\"async\" width=\"2560\" height=\"1709\" src=\"https:\/\/zimmermann-federn.de\/wp-content\/uploads\/2025\/03\/DSC_3155-scaled.jpg\" class=\"attachment-full size-full wp-image-271\" alt=\"Nahaufnahme einer vollautomatischen CNC-Federnwindemaschine bei der Zimmermann Technische Federn GmbH \u2013 Pr\u00e4zisionsfertigung einer Druckfeder im laufenden Prozess.\" srcset=\"https:\/\/zimmermann-federn.de\/wp-content\/uploads\/2025\/03\/DSC_3155-scaled.jpg 2560w, https:\/\/zimmermann-federn.de\/wp-content\/uploads\/2025\/03\/DSC_3155-300x200.jpg 300w, https:\/\/zimmermann-federn.de\/wp-content\/uploads\/2025\/03\/DSC_3155-1024x684.jpg 1024w, https:\/\/zimmermann-federn.de\/wp-content\/uploads\/2025\/03\/DSC_3155-768x513.jpg 768w, https:\/\/zimmermann-federn.de\/wp-content\/uploads\/2025\/03\/DSC_3155-1536x1025.jpg 1536w, https:\/\/zimmermann-federn.de\/wp-content\/uploads\/2025\/03\/DSC_3155-2048x1367.jpg 2048w\" sizes=\"(max-width: 2560px) 100vw, 2560px\" \/>\t\t\t\t\t\t\t\t\t\t\t\t\t\t\t<\/div>\n\t\t\t\t\t<\/div>\n\t\t\t\t<\/div>\n\t\t\t\t\t\t\t\t<\/div>\n\t\t\t\t\t\t\t\t\t\t\t<div class=\"swiper-slide\" data-slide=\"2\" role=\"group\" aria-roledescription=\"slide\" aria-label=\"2 of 2\">\n\t\t\t\t\t\t\t<div class=\"elementor-element elementor-element-1f9eddc e-flex e-con-boxed e-con e-child\" data-id=\"1f9eddc\" data-element_type=\"container\" data-e-type=\"container\">\n\t\t\t\t\t<div class=\"e-con-inner\">\n\t\t\t\t<div class=\"elementor-element elementor-element-6c82736 elementor-widget elementor-widget-image\" data-id=\"6c82736\" data-element_type=\"widget\" data-e-type=\"widget\" data-widget_type=\"image.default\">\n\t\t\t\t\t\t\t\t\t\t\t\t\t\t\t<img decoding=\"async\" width=\"1709\" height=\"2560\" src=\"https:\/\/zimmermann-federn.de\/wp-content\/uploads\/2025\/03\/DSC_3196-scaled.jpg\" class=\"attachment-full size-full wp-image-273\" alt=\"Gelber Industrieroboterarm in einer automatisierten Fertigungszelle bei der Zimmermann Technische Federn GmbH, umgeben von Steuerungstechnik und Pneumatikkomponenten.\" srcset=\"https:\/\/zimmermann-federn.de\/wp-content\/uploads\/2025\/03\/DSC_3196-scaled.jpg 1709w, https:\/\/zimmermann-federn.de\/wp-content\/uploads\/2025\/03\/DSC_3196-200x300.jpg 200w, https:\/\/zimmermann-federn.de\/wp-content\/uploads\/2025\/03\/DSC_3196-684x1024.jpg 684w, https:\/\/zimmermann-federn.de\/wp-content\/uploads\/2025\/03\/DSC_3196-768x1150.jpg 768w, https:\/\/zimmermann-federn.de\/wp-content\/uploads\/2025\/03\/DSC_3196-1025x1536.jpg 1025w, https:\/\/zimmermann-federn.de\/wp-content\/uploads\/2025\/03\/DSC_3196-1367x2048.jpg 1367w\" sizes=\"(max-width: 1709px) 100vw, 1709px\" \/>\t\t\t\t\t\t\t\t\t\t\t\t\t\t\t<\/div>\n\t\t\t\t\t<\/div>\n\t\t\t\t<\/div>\n\t\t\t\t\t\t\t\t<\/div>\n\t\t\t\t\t\t\t\t<\/div>\n\t\t<\/div>\n\t\t\t\t\t\t<\/div>\n\t\t\t\t<div class=\"elementor-element elementor-element-9ffd33e elementor-widget elementor-widget-text-editor\" data-id=\"9ffd33e\" data-element_type=\"widget\" data-e-type=\"widget\" data-widget_type=\"text-editor.default\">\n\t\t\t\t\t\t\t\t\t<h2>Consulting &amp; Development \u2013 \u200b\u200byour vision, our mission:<\/h2><p>From the initial idea to the finished product, all of our expertise flows into your project.<\/p><p>We offer seamless collaboration between development and consulting to realize your perfect end product. <\/p><p>Our most modern 3D CAD and CAM systems support our ambitious research and development work. <\/p><p>We take your wishes seriously and look forward to overcoming challenges and developing solutions together with you.<\/p><h2>Our promise of quality:<\/h2><p>Quality is our flagship. Our process reliability in series production is guaranteed by continuous quality assurance measures.  <\/p><p>We invest in the future through intensive apprentice training, promote talent and build on a team that impresses with its specialist knowledge and commitment. <\/p><p>Our trainees achieve top grades, a testament to our high educational standards.<\/p>\t\t\t\t\t\t\t\t<\/div>\n\t\t\t\t<div class=\"elementor-element elementor-element-522bc8a elementor-widget elementor-widget-n-carousel\" data-id=\"522bc8a\" data-element_type=\"widget\" data-e-type=\"widget\" data-settings=\"{&quot;carousel_items&quot;:[{&quot;slide_title&quot;:&quot;&quot;,&quot;_id&quot;:&quot;7bfd25f&quot;},{&quot;slide_title&quot;:&quot;Slide #2&quot;,&quot;_id&quot;:&quot;a636f28&quot;},{&quot;slide_title&quot;:&quot;Slide #3&quot;,&quot;_id&quot;:&quot;70d1e39&quot;}],&quot;slides_to_show&quot;:&quot;1&quot;,&quot;slides_to_show_tablet&quot;:&quot;1&quot;,&quot;autoplay_speed&quot;:3000,&quot;slides_to_show_mobile&quot;:&quot;1&quot;,&quot;autoplay&quot;:&quot;yes&quot;,&quot;pause_on_hover&quot;:&quot;yes&quot;,&quot;pause_on_interaction&quot;:&quot;yes&quot;,&quot;infinite&quot;:&quot;yes&quot;,&quot;speed&quot;:500,&quot;offset_sides&quot;:&quot;none&quot;,&quot;image_spacing_custom&quot;:{&quot;unit&quot;:&quot;px&quot;,&quot;size&quot;:10,&quot;sizes&quot;:[]},&quot;image_spacing_custom_tablet&quot;:{&quot;unit&quot;:&quot;px&quot;,&quot;size&quot;:&quot;&quot;,&quot;sizes&quot;:[]},&quot;image_spacing_custom_mobile&quot;:{&quot;unit&quot;:&quot;px&quot;,&quot;size&quot;:&quot;&quot;,&quot;sizes&quot;:[]}}\" data-widget_type=\"nested-carousel.default\">\n\t\t\t\t\t\t\t<div class=\"e-n-carousel swiper\" role=\"region\" aria-roledescription=\"carousel\" aria-label=\"Karussell\" dir=\"ltr\">\n\t\t\t<div class=\"swiper-wrapper\" aria-live=\"off\">\n\t\t\t\t\t\t\t\t\t\t<div class=\"swiper-slide\" data-slide=\"1\" role=\"group\" aria-roledescription=\"slide\" aria-label=\"1 of 3\">\n\t\t\t\t\t\t\t<div class=\"elementor-element elementor-element-99ddb8f e-flex e-con-boxed e-con e-child\" data-id=\"99ddb8f\" data-element_type=\"container\" data-e-type=\"container\">\n\t\t\t\t\t<div class=\"e-con-inner\">\n\t\t\t\t<div class=\"elementor-element elementor-element-19f0fda elementor-widget elementor-widget-image\" data-id=\"19f0fda\" data-element_type=\"widget\" data-e-type=\"widget\" data-widget_type=\"image.default\">\n\t\t\t\t\t\t\t\t\t\t\t\t\t\t\t<img decoding=\"async\" width=\"2560\" height=\"1709\" src=\"https:\/\/zimmermann-federn.de\/wp-content\/uploads\/2025\/03\/DSC_3468-scaled.jpg\" class=\"attachment-full size-full wp-image-301\" alt=\"Detailaufnahme einer Pr\u00fcfmaschine zur Bestimmung mechanischer Eigenschaften wie Druckfestigkeit oder H\u00e4rte von Materialien.\" srcset=\"https:\/\/zimmermann-federn.de\/wp-content\/uploads\/2025\/03\/DSC_3468-scaled.jpg 2560w, https:\/\/zimmermann-federn.de\/wp-content\/uploads\/2025\/03\/DSC_3468-300x200.jpg 300w, https:\/\/zimmermann-federn.de\/wp-content\/uploads\/2025\/03\/DSC_3468-1024x684.jpg 1024w, https:\/\/zimmermann-federn.de\/wp-content\/uploads\/2025\/03\/DSC_3468-768x513.jpg 768w, https:\/\/zimmermann-federn.de\/wp-content\/uploads\/2025\/03\/DSC_3468-1536x1025.jpg 1536w, https:\/\/zimmermann-federn.de\/wp-content\/uploads\/2025\/03\/DSC_3468-2048x1367.jpg 2048w\" sizes=\"(max-width: 2560px) 100vw, 2560px\" \/>\t\t\t\t\t\t\t\t\t\t\t\t\t\t\t<\/div>\n\t\t\t\t\t<\/div>\n\t\t\t\t<\/div>\n\t\t\t\t\t\t\t\t<\/div>\n\t\t\t\t\t\t\t\t\t\t\t<div class=\"swiper-slide\" data-slide=\"2\" role=\"group\" aria-roledescription=\"slide\" aria-label=\"2 of 3\">\n\t\t\t\t\t\t\t<div class=\"elementor-element elementor-element-79adc7f e-flex e-con-boxed e-con e-child\" data-id=\"79adc7f\" data-element_type=\"container\" data-e-type=\"container\">\n\t\t\t\t\t<div class=\"e-con-inner\">\n\t\t\t\t<div class=\"elementor-element elementor-element-9efd81f elementor-widget elementor-widget-image\" data-id=\"9efd81f\" data-element_type=\"widget\" data-e-type=\"widget\" data-widget_type=\"image.default\">\n\t\t\t\t\t\t\t\t\t\t\t\t\t\t\t<img loading=\"lazy\" decoding=\"async\" width=\"2560\" height=\"1709\" src=\"https:\/\/zimmermann-federn.de\/wp-content\/uploads\/2025\/03\/DSC_3458-scaled.jpg\" class=\"attachment-full size-full wp-image-299\" alt=\"Druckfeder-Pr\u00fcfmaschine im Einsatz \u2013 Qualit\u00e4tssicherung bei technischen Federn der Zimmermann Technische Federn GmbH.\" srcset=\"https:\/\/zimmermann-federn.de\/wp-content\/uploads\/2025\/03\/DSC_3458-scaled.jpg 2560w, https:\/\/zimmermann-federn.de\/wp-content\/uploads\/2025\/03\/DSC_3458-300x200.jpg 300w, https:\/\/zimmermann-federn.de\/wp-content\/uploads\/2025\/03\/DSC_3458-1024x684.jpg 1024w, https:\/\/zimmermann-federn.de\/wp-content\/uploads\/2025\/03\/DSC_3458-768x513.jpg 768w, https:\/\/zimmermann-federn.de\/wp-content\/uploads\/2025\/03\/DSC_3458-1536x1025.jpg 1536w, https:\/\/zimmermann-federn.de\/wp-content\/uploads\/2025\/03\/DSC_3458-2048x1367.jpg 2048w\" sizes=\"(max-width: 2560px) 100vw, 2560px\" \/>\t\t\t\t\t\t\t\t\t\t\t\t\t\t\t<\/div>\n\t\t\t\t\t<\/div>\n\t\t\t\t<\/div>\n\t\t\t\t\t\t\t\t<\/div>\n\t\t\t\t\t\t\t\t\t\t\t<div class=\"swiper-slide\" data-slide=\"3\" role=\"group\" aria-roledescription=\"slide\" aria-label=\"3 of 3\">\n\t\t\t\t\t\t\t<div class=\"elementor-element elementor-element-8273808 e-flex e-con-boxed e-con e-child\" data-id=\"8273808\" data-element_type=\"container\" data-e-type=\"container\">\n\t\t\t\t\t<div class=\"e-con-inner\">\n\t\t\t\t<div class=\"elementor-element elementor-element-48938af elementor-widget elementor-widget-image\" data-id=\"48938af\" data-element_type=\"widget\" data-e-type=\"widget\" data-widget_type=\"image.default\">\n\t\t\t\t\t\t\t\t\t\t\t\t\t\t\t<img loading=\"lazy\" decoding=\"async\" width=\"416\" height=\"285\" src=\"https:\/\/zimmermann-federn.de\/wp-content\/uploads\/2025\/03\/16-09-02-Zimmermann-QS-Monitor-1.jpg\" class=\"attachment-full size-full wp-image-243\" alt=\"Monitor mit statistischer Qualit\u00e4tsauswertung und Messdatenanalyse im Produktionsbereich eines Drahtbiegeteile-Herstellers.\" srcset=\"https:\/\/zimmermann-federn.de\/wp-content\/uploads\/2025\/03\/16-09-02-Zimmermann-QS-Monitor-1.jpg 416w, https:\/\/zimmermann-federn.de\/wp-content\/uploads\/2025\/03\/16-09-02-Zimmermann-QS-Monitor-1-300x206.jpg 300w\" sizes=\"(max-width: 416px) 100vw, 416px\" \/>\t\t\t\t\t\t\t\t\t\t\t\t\t\t\t<\/div>\n\t\t\t\t\t<\/div>\n\t\t\t\t<\/div>\n\t\t\t\t\t\t\t\t<\/div>\n\t\t\t\t\t\t\t\t<\/div>\n\t\t<\/div>\n\t\t\t\t\t\t<\/div>\n\t\t\t\t<div class=\"elementor-element elementor-element-02cf914 elementor-widget elementor-widget-text-editor\" data-id=\"02cf914\" data-element_type=\"widget\" data-e-type=\"widget\" data-widget_type=\"text-editor.default\">\n\t\t\t\t\t\t\t\t\t<h2>Material selection \u2013 the basis of your success:<\/h2><p>Our stock includes a wide range of materials &#8211; from classic spring steel wires to non-rusting qualities and special alloys. <\/p><p>We are well prepared to meet specific material requirements and guarantee the highest material quality thanks to our short decision-making processes and certifications according to EN 10204-3.1.<\/p>\t\t\t\t\t\t\t\t<\/div>\n\t\t<div class=\"elementor-element elementor-element-a8d7272 e-con-full e-flex e-con e-child\" data-id=\"a8d7272\" data-element_type=\"container\" data-e-type=\"container\">\n\t\t\t\t<div class=\"elementor-element elementor-element-6d9ff18 elementor-widget__width-inherit elementor-widget elementor-widget-text-editor\" data-id=\"6d9ff18\" data-element_type=\"widget\" data-e-type=\"widget\" data-widget_type=\"text-editor.default\">\n\t\t\t\t\t\t\t\t\t<h2>Customer service \u2013 reaching the goal together:<\/h2><div class=\"cm_column_wrapper\"><div class=\"cm_column cm-container-large cm-container-xlarge cm-container-no-columns-3 cm-container-4-columns-to-2\"><p>We offer more than just technical expertise. From the first consultation to the finished prototype, we are your partner.  <\/p><p>We actively involve you and your change requests in the development process to ensure that the final product meets your expectations.<\/p><\/div><\/div>\t\t\t\t\t\t\t\t<\/div>\n\t\t\t\t<div class=\"elementor-element elementor-element-bdd25af elementor-widget__width-inherit elementor-widget elementor-widget-image\" data-id=\"bdd25af\" data-element_type=\"widget\" data-e-type=\"widget\" data-widget_type=\"image.default\">\n\t\t\t\t\t\t\t\t\t\t\t\t\t\t\t<img loading=\"lazy\" decoding=\"async\" width=\"830\" height=\"570\" src=\"https:\/\/zimmermann-federn.de\/wp-content\/uploads\/2025\/03\/Zimmermann-Technische-Federn-Qualitaet-Grafik.jpg\" class=\"attachment-full size-full wp-image-323\" alt=\"Kreisf\u00f6rmige Infografik \u00fcber Zimmermann Technische Federn GmbH mit den Elementen Zielorientiert, Qualit\u00e4t und Quantit\u00e4t, Management, Kundenorientiert, Innovation und Erfahrung, Zielorientiert.\" srcset=\"https:\/\/zimmermann-federn.de\/wp-content\/uploads\/2025\/03\/Zimmermann-Technische-Federn-Qualitaet-Grafik.jpg 830w, https:\/\/zimmermann-federn.de\/wp-content\/uploads\/2025\/03\/Zimmermann-Technische-Federn-Qualitaet-Grafik-300x206.jpg 300w, https:\/\/zimmermann-federn.de\/wp-content\/uploads\/2025\/03\/Zimmermann-Technische-Federn-Qualitaet-Grafik-768x527.jpg 768w\" sizes=\"(max-width: 830px) 100vw, 830px\" \/>\t\t\t\t\t\t\t\t\t\t\t\t\t\t\t<\/div>\n\t\t\t\t<\/div>\n\t\t\t\t\t<\/div>\n\t\t\t\t<\/div>\n\t\t\t\t<\/div>\n\t\t","protected":false},"excerpt":{"rendered":"<p>Innovative solutions through thinking, thinking further, thinking ahead Our commitment to your satisfaction: We have highly qualified teams who lead your projects to success with passion and competence. Equipped with advanced machinery, including cutting-edge technology from WAFIOS and Bihler, we guarantee a significant technological advantage. We offer comprehensive advice on material selection and production processes, [&hellip;]<\/p>\n","protected":false},"author":1,"featured_media":303,"parent":889,"menu_order":0,"comment_status":"closed","ping_status":"closed","template":"","meta":{"footnotes":""},"class_list":["post-2390","page","type-page","status-publish","has-post-thumbnail","hentry"],"_links":{"self":[{"href":"https:\/\/zimmermann-federn.de\/en\/wp-json\/wp\/v2\/pages\/2390","targetHints":{"allow":["GET"]}}],"collection":[{"href":"https:\/\/zimmermann-federn.de\/en\/wp-json\/wp\/v2\/pages"}],"about":[{"href":"https:\/\/zimmermann-federn.de\/en\/wp-json\/wp\/v2\/types\/page"}],"author":[{"embeddable":true,"href":"https:\/\/zimmermann-federn.de\/en\/wp-json\/wp\/v2\/users\/1"}],"replies":[{"embeddable":true,"href":"https:\/\/zimmermann-federn.de\/en\/wp-json\/wp\/v2\/comments?post=2390"}],"version-history":[{"count":0,"href":"https:\/\/zimmermann-federn.de\/en\/wp-json\/wp\/v2\/pages\/2390\/revisions"}],"up":[{"embeddable":true,"href":"https:\/\/zimmermann-federn.de\/en\/wp-json\/wp\/v2\/pages\/889"}],"wp:featuredmedia":[{"embeddable":true,"href":"https:\/\/zimmermann-federn.de\/en\/wp-json\/wp\/v2\/media\/303"}],"wp:attachment":[{"href":"https:\/\/zimmermann-federn.de\/en\/wp-json\/wp\/v2\/media?parent=2390"}],"curies":[{"name":"wp","href":"https:\/\/api.w.org\/{rel}","templated":true}]}}