{"id":889,"date":"2025-03-11T02:35:51","date_gmt":"2025-03-11T02:35:51","guid":{"rendered":"https:\/\/ztf.gmbh\/unternehmen\/"},"modified":"2025-08-18T15:53:13","modified_gmt":"2025-08-18T15:53:13","slug":"company","status":"publish","type":"page","link":"https:\/\/zimmermann-federn.de\/en\/company\/","title":{"rendered":"Company"},"content":{"rendered":"\t\t<div data-elementor-type=\"wp-page\" data-elementor-id=\"889\" class=\"elementor elementor-889 elementor-855\" data-elementor-post-type=\"page\">\n\t\t\t\t<div class=\"elementor-element elementor-element-5036be1 e-flex e-con-boxed e-con e-parent\" data-id=\"5036be1\" data-element_type=\"container\" data-e-type=\"container\" data-settings=\"{&quot;background_background&quot;:&quot;classic&quot;}\">\n\t\t\t\t\t<div class=\"e-con-inner\">\n\t\t\t\t\t<\/div>\n\t\t\t\t<\/div>\n\t\t<div class=\"elementor-element elementor-element-c9aa828 e-flex e-con-boxed e-con e-parent\" data-id=\"c9aa828\" data-element_type=\"container\" data-e-type=\"container\">\n\t\t\t\t\t<div class=\"e-con-inner\">\n\t\t\t\t<div class=\"elementor-element elementor-element-a5574eb elementor-widget elementor-widget-text-editor\" data-id=\"a5574eb\" data-element_type=\"widget\" data-e-type=\"widget\" data-widget_type=\"text-editor.default\">\n\t\t\t\t\t\t\t\t\t<h2>A company with history&nbsp;<\/h2>\n<p>With the current management, the company ZIMMERMANN Technische Federn GmbH is already in its 5th generation.<br>Over the past decades, the Zimmermann family has secured its locations in Leutersdorf and Doln\u00ed Podlu\u017e\u00ed. A total of over 60 employees work in the company and produce technical springs at a high level. A familiar and friendly approach to employees and customers is the order of the day here.<\/p>\t\t\t\t\t\t\t\t<\/div>\n\t\t\t\t<div class=\"elementor-element elementor-element-c73476a elementor-widget elementor-widget-image\" data-id=\"c73476a\" data-element_type=\"widget\" data-e-type=\"widget\" data-widget_type=\"image.default\">\n\t\t\t\t\t\t\t\t\t\t\t\t\t\t\t<img fetchpriority=\"high\" decoding=\"async\" width=\"832\" height=\"570\" src=\"https:\/\/zimmermann-federn.de\/wp-content\/uploads\/2025\/03\/16-08-25_Standortkarte_D_CZ_KORR-Kopie.jpg\" class=\"attachment-full size-full wp-image-79\" alt=\"\" srcset=\"https:\/\/zimmermann-federn.de\/wp-content\/uploads\/2025\/03\/16-08-25_Standortkarte_D_CZ_KORR-Kopie.jpg 832w, https:\/\/zimmermann-federn.de\/wp-content\/uploads\/2025\/03\/16-08-25_Standortkarte_D_CZ_KORR-Kopie-300x206.jpg 300w, https:\/\/zimmermann-federn.de\/wp-content\/uploads\/2025\/03\/16-08-25_Standortkarte_D_CZ_KORR-Kopie-768x526.jpg 768w\" sizes=\"(max-width: 832px) 100vw, 832px\" \/>\t\t\t\t\t\t\t\t\t\t\t\t\t\t\t<\/div>\n\t\t\t\t<div class=\"elementor-element elementor-element-c55a9db elementor-widget elementor-widget-text-editor\" data-id=\"c55a9db\" data-element_type=\"widget\" data-e-type=\"widget\" data-widget_type=\"text-editor.default\">\n\t\t\t\t\t\t\t\t\t<h2>Family-run company for five generations<\/h2><div><div><div><h3>1. Generation (Eduard Sieber):<\/h3><div><p>Founding: Around 1905, Eduard Sieber began producing spiral springs in Georgswalde, Czech Republic (Ji\u0159\u00edkov). 1945: Expropriation and expulsion from the Czech Republic.<\/p><\/div><\/div><\/div><div><div><h3>2. Generation (Robert Wiletal):<\/h3><div><p>From 1946, Robert Wiletal, son-in-law and authorized signatory of Eduard Sieber, continued production at ERWE Werkst\u00e4tten KG in Seifhennersdorf. 1972: Expropriation through nationalization.<\/p><\/div><\/div><\/div><div><div><h3>3. Generation (Robert Zimmermann):<\/h3><div><p>In 1960, Robert Zimmermann, son-in-law and authorized signatory of Robert Wiletal, founded the technical workshops.<\/p><\/div><\/div><\/div><div><div><h3>4. Generation (Robert Zimmermann jr.):<\/h3><div><p>From 1989 Robert Zimmermann Jr. took over. the technical workshops of his father Robert Zimmermann. In 1990 Robert Zimmermann Jr. founded with his wife Elke Zimmermann the company ZIMMERMANN Technische Federn GmbH, which still exists today. Construction of Hall 1 and the administration building began in 1998. This was followed by four additional expansions of the production halls in 2001, 2004, 2007 and 2008. 2000: Founding of Perovna Zimmermann sto (GmbH) \u2013 Zimmermann spring factory in Rumburk, Czech Republic In 2013 the location moved to Doln\u00ed Podlu\u017e\u00ed.<\/p><\/div><\/div><\/div><div><div><h3>5. Generation (Peter Zimmermann):<\/h3><div><p>Peter Zimmermann has been running the company together with his father Robert Zimmermann since August 2017.<\/p><\/div><\/div><\/div><\/div>\t\t\t\t\t\t\t\t<\/div>\n\t\t\t\t\t<\/div>\n\t\t\t\t<\/div>\n\t\t\t\t<\/div>\n\t\t","protected":false},"excerpt":{"rendered":"<p>A company with history&nbsp; With the current management, the company ZIMMERMANN Technische Federn GmbH is already in its 5th generation.Over the past decades, the Zimmermann family has secured its locations in Leutersdorf and Doln\u00ed Podlu\u017e\u00ed. A total of over 60 employees work in the company and produce technical springs at a high level. A familiar [&hellip;]<\/p>\n","protected":false},"author":1,"featured_media":303,"parent":0,"menu_order":0,"comment_status":"closed","ping_status":"closed","template":"","meta":{"footnotes":""},"class_list":["post-889","page","type-page","status-publish","has-post-thumbnail","hentry"],"_links":{"self":[{"href":"https:\/\/zimmermann-federn.de\/en\/wp-json\/wp\/v2\/pages\/889","targetHints":{"allow":["GET"]}}],"collection":[{"href":"https:\/\/zimmermann-federn.de\/en\/wp-json\/wp\/v2\/pages"}],"about":[{"href":"https:\/\/zimmermann-federn.de\/en\/wp-json\/wp\/v2\/types\/page"}],"author":[{"embeddable":true,"href":"https:\/\/zimmermann-federn.de\/en\/wp-json\/wp\/v2\/users\/1"}],"replies":[{"embeddable":true,"href":"https:\/\/zimmermann-federn.de\/en\/wp-json\/wp\/v2\/comments?post=889"}],"version-history":[{"count":0,"href":"https:\/\/zimmermann-federn.de\/en\/wp-json\/wp\/v2\/pages\/889\/revisions"}],"wp:featuredmedia":[{"embeddable":true,"href":"https:\/\/zimmermann-federn.de\/en\/wp-json\/wp\/v2\/media\/303"}],"wp:attachment":[{"href":"https:\/\/zimmermann-federn.de\/en\/wp-json\/wp\/v2\/media?parent=889"}],"curies":[{"name":"wp","href":"https:\/\/api.w.org\/{rel}","templated":true}]}}